{"id":139,"date":"2024-02-08T18:08:24","date_gmt":"2024-02-08T17:08:24","guid":{"rendered":"https:\/\/bosqueurbanovelez.org\/w\/?page_id=139"},"modified":"2024-03-12T18:13:48","modified_gmt":"2024-03-12T17:13:48","slug":"publicacion","status":"publish","type":"page","link":"https:\/\/bosqueurbanovelez.org\/w\/publicacion\/","title":{"rendered":"Publicaciones"},"content":{"rendered":"\n<p class=\"has-large-font-size\">Publicaciones sobre el proyecto de Bosque Urbano V\u00e9lez. An\u00e1lisis t\u00e9cnicos, noticias relacionadas y enlaces de inter\u00e9s<\/p>\n\n\n\n<h2 class=\"wp-block-heading\">Publicaciones por Categor\u00eda<\/h2>\n\n\n\n<p>Selecciona la categor\u00eda de publicaciones de tu inter\u00e9s:<\/p>\n\n\n<p class=\"is-style-outline wp-block-tag-cloud\"><a href=\"https:\/\/bosqueurbanovelez.org\/w\/category\/blog\/\" class=\"tag-cloud-link tag-link-1 tag-link-position-1\" style=\"font-size: 8pt;\" aria-label=\"Blog (1 elemento)\">Blog<span class=\"tag-link-count\"> (1)<\/span><\/a>\n<a href=\"https:\/\/bosqueurbanovelez.org\/w\/category\/ecologia-y-geografia\/\" class=\"tag-cloud-link tag-link-25 tag-link-position-2\" style=\"font-size: 8pt;\" aria-label=\"Ecolog\u00eda y Geograf\u00eda (1 elemento)\">Ecolog\u00eda y Geograf\u00eda<span class=\"tag-link-count\"> (1)<\/span><\/a>\n<a href=\"https:\/\/bosqueurbanovelez.org\/w\/category\/medioambiente\/\" class=\"tag-cloud-link tag-link-2 tag-link-position-3\" style=\"font-size: 12.2pt;\" aria-label=\"Medioambiente (2 elementos)\">Medioambiente<span class=\"tag-link-count\"> (2)<\/span><\/a>\n<a href=\"https:\/\/bosqueurbanovelez.org\/w\/category\/noticias\/\" class=\"tag-cloud-link tag-link-8 tag-link-position-4\" style=\"font-size: 15pt;\" aria-label=\"Noticias (3 elementos)\">Noticias<span class=\"tag-link-count\"> (3)<\/span><\/a>\n<a href=\"https:\/\/bosqueurbanovelez.org\/w\/category\/noticias-interes\/\" class=\"tag-cloud-link tag-link-17 tag-link-position-5\" style=\"font-size: 12.2pt;\" aria-label=\"Noticias Inter\u00e9s (2 elementos)\">Noticias Inter\u00e9s<span class=\"tag-link-count\"> (2)<\/span><\/a>\n<a href=\"https:\/\/bosqueurbanovelez.org\/w\/category\/proyecto\/\" class=\"tag-cloud-link tag-link-7 tag-link-position-6\" style=\"font-size: 22pt;\" aria-label=\"Proyecto base (7 elementos)\">Proyecto base<span class=\"tag-link-count\"> (7)<\/span><\/a><\/p>\n\n\n<p><strong>PROYECTO BASE<\/strong><br>Presentaci\u00f3n inicial del Proyecto de Bosque Urbano entre Torre del Mar y Alamayate. Consideraci\u00f3nes. An\u00e1lisis.<\/p>\n\n\n\n<p><strong>MEDIOAMBIENTE<\/strong><br>An\u00e1lisis y comentarios sobre el Delta del R\u00edo V\u00e9lez<\/p>\n\n\n\n<p><strong>NOTICIAS<\/strong><br>Novedades sobre <strong>nuestro bosque<\/strong> y su cobertura en los medios de informaci\u00f3n.<\/p>\n\n\n\n<p><strong><strong>NOTICIAS<\/strong> DE INTER\u00c9S<\/strong><br>Noticias de inter\u00e9s relacionadas con proyectos de renaturalizaci\u00f3n, arboleda, bosques urbanos y peri-urbanos<br><br><strong>BLOG<\/strong><br>Gen\u00e9rica<\/p>\n\n\n\n<h2 class=\"wp-block-heading\">\u00daltimas publicaciones<\/h2>\n\n\n\n<div class=\"wp-block-query is-layout-flow wp-block-query-is-layout-flow\"><ul class=\"wp-block-post-template is-layout-flow wp-block-post-template-is-layout-flow\"><li class=\"wp-block-post post-374 post type-post status-publish format-standard has-post-thumbnail hentry category-ecologia-y-geografia tag-delta-management\">\n<h3 class=\"wp-block-post-title\"><a href=\"https:\/\/bosqueurbanovelez.org\/w\/la-morfogenesis-y-regresion-fluvio-marina-del-delta-del-rio-velez-un-estudio-antropogeno\/\" target=\"_self\" >La morfog\u00e9nesis y regresi\u00f3n fluvio-marina del delta del r\u00edo V\u00e9lez: un estudio antrop\u00f3geno<\/a><\/h3>\n\n<div class=\"wp-block-post-date\"><time datetime=\"2025-02-24T22:32:26+01:00\">2025-02-24<\/time><\/div>\n<\/li><li class=\"wp-block-post post-344 post type-post status-publish format-standard has-post-thumbnail hentry category-noticias-interes\">\n<h3 class=\"wp-block-post-title\"><a href=\"https:\/\/bosqueurbanovelez.org\/w\/paseo-historico-por-el-delta-del-rio-velez\/\" target=\"_self\" >Paseo Hist\u00f3rico por el Delta del R\u00edo V\u00e9lez<\/a><\/h3>\n\n<div class=\"wp-block-post-date\"><time datetime=\"2025-02-24T19:33:55+01:00\">2025-02-24<\/time><\/div>\n<\/li><li class=\"wp-block-post post-327 post type-post status-publish format-standard has-post-thumbnail hentry category-noticias-interes tag-actividades tag-paseos-guiados\">\n<h3 class=\"wp-block-post-title\"><a href=\"https:\/\/bosqueurbanovelez.org\/w\/paseo-guiado-por-el-delta\/\" target=\"_self\" >Paseo guiado por el Delta<\/a><\/h3>\n\n<div class=\"wp-block-post-date\"><time datetime=\"2025-01-30T10:31:20+01:00\">2025-01-30<\/time><\/div>\n<\/li><li class=\"wp-block-post post-303 post type-post status-publish format-standard has-post-thumbnail hentry category-medioambiente category-noticias tag-arbolado-urbano tag-plan-director tag-velez-malaga\">\n<h3 class=\"wp-block-post-title\"><a href=\"https:\/\/bosqueurbanovelez.org\/w\/presentacion-de-bases-para-un-plan-director-del-arbolado-urbano-de-velez-malaga\/\" target=\"_self\" >Presentaci\u00f3n de Bases para un Plan Director del Arbolado Urbano de V\u00e9lez-M\u00e1laga<\/a><\/h3>\n\n<div class=\"wp-block-post-date\"><time datetime=\"2024-03-14T17:26:43+01:00\">2024-03-14<\/time><\/div>\n<\/li><\/ul>\n\n<nav class=\"wp-block-query-pagination is-layout-flex wp-block-query-pagination-is-layout-flex\" aria-label=\"Paginaci\u00f3n\">\n\n\n<div class=\"wp-block-query-pagination-numbers\"><span aria-current=\"page\" class=\"page-numbers current\">1<\/span>\n<a class=\"page-numbers\" href=\"?query-0-page=2\">2<\/a>\n<a class=\"page-numbers\" href=\"?query-0-page=3\">3<\/a>\n<a class=\"page-numbers\" href=\"?query-0-page=4\">4<\/a><\/div>\n\n<a href=\"\/w\/wp-json\/wp\/v2\/pages\/139?query-0-page=2\" class=\"wp-block-query-pagination-next\">P\u00e1gina siguiente<\/a>\n<\/nav>\n\n<\/div>\n","protected":false},"excerpt":{"rendered":"<p>Publicaciones sobre el proyecto de Bosque Urbano V\u00e9lez. An\u00e1lisis t\u00e9cnicos, noticias relacionadas y enlaces de inter\u00e9s Publicaciones por Categor\u00eda Selecciona la categor\u00eda de publicaciones de tu inter\u00e9s: PROYECTO BASEPresentaci\u00f3n inicial del Proyecto de Bosque Urbano entre Torre del Mar y Alamayate. Consideraci\u00f3nes. An\u00e1lisis. MEDIOAMBIENTEAn\u00e1lisis y comentarios sobre el Delta del R\u00edo V\u00e9lez NOTICIASNovedades sobre nuestro [&hellip;]<\/p>\n","protected":false},"author":1,"featured_media":0,"parent":0,"menu_order":0,"comment_status":"closed","ping_status":"closed","template":"","meta":{"footnotes":""},"class_list":["post-139","page","type-page","status-publish","hentry"],"_links":{"self":[{"href":"https:\/\/bosqueurbanovelez.org\/w\/wp-json\/wp\/v2\/pages\/139","targetHints":{"allow":["GET"]}}],"collection":[{"href":"https:\/\/bosqueurbanovelez.org\/w\/wp-json\/wp\/v2\/pages"}],"about":[{"href":"https:\/\/bosqueurbanovelez.org\/w\/wp-json\/wp\/v2\/types\/page"}],"author":[{"embeddable":true,"href":"https:\/\/bosqueurbanovelez.org\/w\/wp-json\/wp\/v2\/users\/1"}],"replies":[{"embeddable":true,"href":"https:\/\/bosqueurbanovelez.org\/w\/wp-json\/wp\/v2\/comments?post=139"}],"version-history":[{"count":7,"href":"https:\/\/bosqueurbanovelez.org\/w\/wp-json\/wp\/v2\/pages\/139\/revisions"}],"predecessor-version":[{"id":294,"href":"https:\/\/bosqueurbanovelez.org\/w\/wp-json\/wp\/v2\/pages\/139\/revisions\/294"}],"wp:attachment":[{"href":"https:\/\/bosqueurbanovelez.org\/w\/wp-json\/wp\/v2\/media?parent=139"}],"curies":[{"name":"wp","href":"https:\/\/api.w.org\/{rel}","templated":true}]}}