{"id":130,"date":"2024-02-08T16:50:36","date_gmt":"2024-02-08T15:50:36","guid":{"rendered":"https:\/\/bosqueurbanovelez.org\/w\/?page_id=130"},"modified":"2024-03-13T18:29:25","modified_gmt":"2024-03-13T17:29:25","slug":"proyecto","status":"publish","type":"page","link":"https:\/\/bosqueurbanovelez.org\/w\/proyecto\/","title":{"rendered":"Proyecto"},"content":{"rendered":"<h2>El reclamo de un bosque urbano en el Delta del R\u00edo V\u00e9lez<\/h2>\n<p class=\"lead\">Un <strong>bosque urbano<\/strong> mejora las calidad de vida de los habitantes de su entorno, con un impacto en <strong>salud f\u00edsica y mental<\/strong> que ya ha sido <a href=\"https:\/\/www.fao.org\/3\/cb1468es\/cb1468es.pdf\" target=\"_blank\" rel=\"noopener\">documentado cient\u00edficamente<\/a>. En cuanto al <strong>medioambiente<\/strong> lo primero que viene a la mente son los beneficios por un <strong>aire m\u00e1s limpio, la captaci\u00f3n de CO2 y la reserva de biodiversidad.<\/strong> Sin embargo van m\u00e1s all\u00e1. Una masa forestal de este tama\u00f1o crea un <strong>microclima<\/strong> que no solo act\u00faa como lugar recreativo donde resguardarse de las olas de calor, sino que su sola presencia amortigua el efecto de \u00abisla de calor\u00bb de las ciudades, logrando reducir hasta 8 grados las temperaturas de las urbes cercanas.<\/p>\n<p class=\"lead\">En cuanto a la <strong>econom\u00eda<\/strong>, el Bosque Urbano en Torre del Mar y Almayate podr\u00eda consolidarse como un nuevo <strong>atractivo tur\u00edstico<\/strong> en el contexto <i>\u00abTorre del Mar, Todo el A\u00f1o\u00bb<\/i>. Una apuesta por un nuevo canal tur\u00edstico de calidad. Atrayendo un desarrollo econ\u00f3mico diferente, por ejemplo orientado a actividades sostenibles o tem\u00e1ticas, incluyendo restauraci\u00f3n y deportes.<\/p>\n<p class=\"lead\">El proyecto del <strong>Bosque Urbano de Torre del Mar y Almayate, emplazado en la propuesta de Reserva Natural Concerada de la Desembocadura del R\u00edo V\u00e9lez<\/strong>, nace como una necesidad para cumplir los objetivos de la <strong>Agenda Urbana 2030<\/strong>, protegiendo la calidad de vida de los ciudadanos de Torre del Mar y Almayate, y al mismo tiempo resguardando la riqueza medioambiental existente en el Delta del R\u00edo V\u00e9lez, en especial la biodiversidad su avifauna.<\/p>\n<p class=\"h3 lead\">El reclamo cidadano del Bosque Urbano de Torre del Mar y Almayate, supera ya las 1.500 firmas \u2014 <a class=\"\" role=\"button\" href=\"https:\/\/www.change.org\/p\/por-un-bosque-urbano-para-torre-del-mar-y-almayate\">Firma tambi\u00e9n t\u00fa!<\/a><\/p>\n<p class=\"lead\">El papel fundamental de los bosques urbanos para combatir el cambio clim\u00e1tico y, en especial, para mejorar la salud de sus vecinos, ha hecho que surjan <strong>en Espa\u00f1a numerosos proyectos de renaturalizaci\u00f3n de las ciudades<\/strong>. Caben mencionar los bosques urbanos de Vitoria-Gasteiz (\u00abAnillo Verde\u00bb), de Zaragoza (\u00abBosque de los Zaragozanos\u00bb) o proyectos de Madrid (\u00abBosque Metropolitano\u00bb) y m\u00e1s locales como M\u00e1laga (<a href=\"https:\/\/bosqueurbanomalaga.org\/\">BUM: Bosque Urbano de M\u00e1laga<\/a>) o Rinc\u00f3n de la Victoria (Parque Torre de Benagalb\u00f3n); solo por mencionar algunos.<\/p>\n<p class=\"lead\">Las ventajas sociales, econ\u00f3micas y medioambientales ser\u00e1n expuestas con minucioso an\u00e1lisis en los siguientes <strong>art\u00edculos de Rafael Yus Ramos, reconocido divulgador ambientalista y Coordinador del Gabinete Estudios de la Naturalez Axarqu\u00eda -GENA Ecologistas en Acci\u00f3n<\/strong>.<\/p>\n<p>\u00a0<\/p>\n\n\n<h2 class=\"wp-block-heading\"><strong>Indice de art\u00edculos<\/strong> de Rafael Yus Ramos sobre el Bosque Urbano Velez, en Torre del Mar y Almayate:<\/h2>\n\n\n\n<div class=\"wp-block-query is-layout-flow wp-block-query-is-layout-flow\"><ul class=\"wp-block-post-template is-layout-flow wp-block-post-template-is-layout-flow\"><li class=\"wp-block-post post-256 post type-post status-publish format-standard has-post-thumbnail hentry category-proyecto\">\n\n<div class=\"wp-block-columns are-vertically-aligned-center is-layout-flex wp-container-core-columns-is-layout-1 wp-block-columns-is-layout-flex\">\n<div class=\"wp-block-column is-vertically-aligned-center is-layout-flow wp-block-column-is-layout-flow\" style=\"flex-basis:25%\"><figure class=\"wp-block-post-featured-image\"><a href=\"https:\/\/bosqueurbanovelez.org\/w\/buta-1-que-es-un-bosque-urbano\/\" target=\"_self\"  ><img loading=\"lazy\" decoding=\"async\" width=\"1200\" height=\"503\" src=\"https:\/\/bosqueurbanovelez.org\/w\/wp-content\/uploads\/2024\/02\/cap1-top-tipologia.jpg\" class=\"attachment-post-thumbnail size-post-thumbnail wp-post-image\" alt=\"BUTA (1) \u00bfQu\u00e9 es un Bosque Urbano?\" style=\"object-fit:cover;\" srcset=\"https:\/\/bosqueurbanovelez.org\/w\/wp-content\/uploads\/2024\/02\/cap1-top-tipologia.jpg 1200w, https:\/\/bosqueurbanovelez.org\/w\/wp-content\/uploads\/2024\/02\/cap1-top-tipologia-300x126.jpg 300w, https:\/\/bosqueurbanovelez.org\/w\/wp-content\/uploads\/2024\/02\/cap1-top-tipologia-1024x429.jpg 1024w, https:\/\/bosqueurbanovelez.org\/w\/wp-content\/uploads\/2024\/02\/cap1-top-tipologia-768x322.jpg 768w\" sizes=\"auto, (max-width: 1200px) 100vw, 1200px\" \/><\/a><\/figure><\/div>\n\n\n\n<div class=\"wp-block-column is-vertically-aligned-center is-layout-flow wp-block-column-is-layout-flow\" style=\"flex-basis:75%\"><h3 class=\"wp-block-post-title\"><a href=\"https:\/\/bosqueurbanovelez.org\/w\/buta-1-que-es-un-bosque-urbano\/\" target=\"_self\" >BUTA (1) \u00bfQu\u00e9 es un Bosque Urbano?<\/a><\/h3><\/div>\n<\/div>\n\n<\/li><li class=\"wp-block-post post-216 post type-post status-publish format-standard has-post-thumbnail hentry category-proyecto\">\n\n<div class=\"wp-block-columns are-vertically-aligned-center is-layout-flex wp-container-core-columns-is-layout-2 wp-block-columns-is-layout-flex\">\n<div class=\"wp-block-column is-vertically-aligned-center is-layout-flow wp-block-column-is-layout-flow\" style=\"flex-basis:25%\"><figure class=\"wp-block-post-featured-image\"><a href=\"https:\/\/bosqueurbanovelez.org\/w\/buta-2-beneficios-de-un-bosque-urbano\/\" target=\"_self\"  ><img loading=\"lazy\" decoding=\"async\" width=\"650\" height=\"674\" src=\"https:\/\/bosqueurbanovelez.org\/w\/wp-content\/uploads\/2024\/02\/cap2.jpg\" class=\"attachment-post-thumbnail size-post-thumbnail wp-post-image\" alt=\"BUTA (2) Beneficios de Un Bosque Urbano\" style=\"object-fit:cover;\" srcset=\"https:\/\/bosqueurbanovelez.org\/w\/wp-content\/uploads\/2024\/02\/cap2.jpg 650w, https:\/\/bosqueurbanovelez.org\/w\/wp-content\/uploads\/2024\/02\/cap2-289x300.jpg 289w\" sizes=\"auto, (max-width: 650px) 100vw, 650px\" \/><\/a><\/figure><\/div>\n\n\n\n<div class=\"wp-block-column is-vertically-aligned-center is-layout-flow wp-block-column-is-layout-flow\" style=\"flex-basis:75%\"><h3 class=\"wp-block-post-title\"><a href=\"https:\/\/bosqueurbanovelez.org\/w\/buta-2-beneficios-de-un-bosque-urbano\/\" target=\"_self\" >BUTA (2) Beneficios de Un Bosque Urbano<\/a><\/h3><\/div>\n<\/div>\n\n<\/li><li class=\"wp-block-post post-178 post type-post status-publish format-standard has-post-thumbnail hentry category-proyecto\">\n\n<div class=\"wp-block-columns are-vertically-aligned-center is-layout-flex wp-container-core-columns-is-layout-3 wp-block-columns-is-layout-flex\">\n<div class=\"wp-block-column is-vertically-aligned-center is-layout-flow wp-block-column-is-layout-flow\" style=\"flex-basis:25%\"><figure class=\"wp-block-post-featured-image\"><a href=\"https:\/\/bosqueurbanovelez.org\/w\/buta-3-el-efecto-de-un-bosque-urbano-en-el-clima\/\" target=\"_self\"  ><img loading=\"lazy\" decoding=\"async\" width=\"713\" height=\"433\" src=\"https:\/\/bosqueurbanovelez.org\/w\/wp-content\/uploads\/2024\/02\/Capitulo-3.jpg\" class=\"attachment-post-thumbnail size-post-thumbnail wp-post-image\" alt=\"BUTA (3) El Efecto de un Bosque Urbano en el clima\" style=\"object-fit:cover;\" srcset=\"https:\/\/bosqueurbanovelez.org\/w\/wp-content\/uploads\/2024\/02\/Capitulo-3.jpg 713w, https:\/\/bosqueurbanovelez.org\/w\/wp-content\/uploads\/2024\/02\/Capitulo-3-300x182.jpg 300w\" sizes=\"auto, (max-width: 713px) 100vw, 713px\" \/><\/a><\/figure><\/div>\n\n\n\n<div class=\"wp-block-column is-vertically-aligned-center is-layout-flow wp-block-column-is-layout-flow\" style=\"flex-basis:75%\"><h3 class=\"wp-block-post-title\"><a href=\"https:\/\/bosqueurbanovelez.org\/w\/buta-3-el-efecto-de-un-bosque-urbano-en-el-clima\/\" target=\"_self\" >BUTA (3) El Efecto de un Bosque Urbano en el clima<\/a><\/h3><\/div>\n<\/div>\n\n<\/li><li class=\"wp-block-post post-151 post type-post status-publish format-standard has-post-thumbnail hentry category-proyecto\">\n\n<div class=\"wp-block-columns are-vertically-aligned-center is-layout-flex wp-container-core-columns-is-layout-4 wp-block-columns-is-layout-flex\">\n<div class=\"wp-block-column is-vertically-aligned-center is-layout-flow wp-block-column-is-layout-flow\" style=\"flex-basis:25%\"><figure class=\"wp-block-post-featured-image\"><a href=\"https:\/\/bosqueurbanovelez.org\/w\/buta-4-otros-proyectos-de-bosque-urbano\/\" target=\"_self\"  ><img loading=\"lazy\" decoding=\"async\" width=\"1021\" height=\"656\" src=\"https:\/\/bosqueurbanovelez.org\/w\/wp-content\/uploads\/2024\/02\/cap4-5_proyecto.jpg\" class=\"attachment-post-thumbnail size-post-thumbnail wp-post-image\" alt=\"BUTA (4) &#8211; Otros Proyectos de Bosque Urbano\" style=\"object-fit:cover;\" srcset=\"https:\/\/bosqueurbanovelez.org\/w\/wp-content\/uploads\/2024\/02\/cap4-5_proyecto.jpg 1021w, https:\/\/bosqueurbanovelez.org\/w\/wp-content\/uploads\/2024\/02\/cap4-5_proyecto-300x193.jpg 300w, https:\/\/bosqueurbanovelez.org\/w\/wp-content\/uploads\/2024\/02\/cap4-5_proyecto-768x493.jpg 768w\" sizes=\"auto, (max-width: 1021px) 100vw, 1021px\" \/><\/a><\/figure><\/div>\n\n\n\n<div class=\"wp-block-column is-vertically-aligned-center is-layout-flow wp-block-column-is-layout-flow\" style=\"flex-basis:75%\"><h3 class=\"wp-block-post-title\"><a href=\"https:\/\/bosqueurbanovelez.org\/w\/buta-4-otros-proyectos-de-bosque-urbano\/\" target=\"_self\" >BUTA (4) &#8211; Otros Proyectos de Bosque Urbano<\/a><\/h3><\/div>\n<\/div>\n\n<\/li><li class=\"wp-block-post post-23 post type-post status-publish format-standard has-post-thumbnail hentry category-proyecto\">\n\n<div class=\"wp-block-columns are-vertically-aligned-center is-layout-flex wp-container-core-columns-is-layout-5 wp-block-columns-is-layout-flex\">\n<div class=\"wp-block-column is-vertically-aligned-center is-layout-flow wp-block-column-is-layout-flow\" style=\"flex-basis:25%\"><figure class=\"wp-block-post-featured-image\"><a href=\"https:\/\/bosqueurbanovelez.org\/w\/buta-5-el-bosque-de-torre-del-mar-y-almayate\/\" target=\"_self\"  ><img loading=\"lazy\" decoding=\"async\" width=\"1200\" height=\"644\" src=\"https:\/\/bosqueurbanovelez.org\/w\/wp-content\/uploads\/2023\/11\/cap5-habitats.jpg\" class=\"attachment-post-thumbnail size-post-thumbnail wp-post-image\" alt=\"BUTA (5) El Bosque de Torre del Mar y Almayate\" style=\"object-fit:cover;\" srcset=\"https:\/\/bosqueurbanovelez.org\/w\/wp-content\/uploads\/2023\/11\/cap5-habitats.jpg 1200w, https:\/\/bosqueurbanovelez.org\/w\/wp-content\/uploads\/2023\/11\/cap5-habitats-300x161.jpg 300w, https:\/\/bosqueurbanovelez.org\/w\/wp-content\/uploads\/2023\/11\/cap5-habitats-1024x550.jpg 1024w, https:\/\/bosqueurbanovelez.org\/w\/wp-content\/uploads\/2023\/11\/cap5-habitats-768x412.jpg 768w\" sizes=\"auto, (max-width: 1200px) 100vw, 1200px\" \/><\/a><\/figure><\/div>\n\n\n\n<div class=\"wp-block-column is-vertically-aligned-center is-layout-flow wp-block-column-is-layout-flow\" style=\"flex-basis:75%\"><h3 class=\"wp-block-post-title\"><a href=\"https:\/\/bosqueurbanovelez.org\/w\/buta-5-el-bosque-de-torre-del-mar-y-almayate\/\" target=\"_self\" >BUTA (5) El Bosque de Torre del Mar y Almayate<\/a><\/h3><\/div>\n<\/div>\n\n<\/li><li class=\"wp-block-post post-20 post type-post status-publish format-standard has-post-thumbnail hentry category-proyecto\">\n\n<div class=\"wp-block-columns are-vertically-aligned-center is-layout-flex wp-container-core-columns-is-layout-6 wp-block-columns-is-layout-flex\">\n<div class=\"wp-block-column is-vertically-aligned-center is-layout-flow wp-block-column-is-layout-flow\" style=\"flex-basis:25%\"><figure class=\"wp-block-post-featured-image\"><a href=\"https:\/\/bosqueurbanovelez.org\/w\/buta-6-el-bosque-y-la-agenda-urbana-2030\/\" target=\"_self\"  ><img loading=\"lazy\" decoding=\"async\" width=\"1400\" height=\"679\" src=\"https:\/\/bosqueurbanovelez.org\/w\/wp-content\/uploads\/2023\/11\/cap6-top-adenda2030.jpg\" class=\"attachment-post-thumbnail size-post-thumbnail wp-post-image\" alt=\"BUTA (6) el bosque y la Agenda Urbana 2030\" style=\"object-fit:cover;\" srcset=\"https:\/\/bosqueurbanovelez.org\/w\/wp-content\/uploads\/2023\/11\/cap6-top-adenda2030.jpg 1400w, https:\/\/bosqueurbanovelez.org\/w\/wp-content\/uploads\/2023\/11\/cap6-top-adenda2030-300x146.jpg 300w, https:\/\/bosqueurbanovelez.org\/w\/wp-content\/uploads\/2023\/11\/cap6-top-adenda2030-1024x497.jpg 1024w, https:\/\/bosqueurbanovelez.org\/w\/wp-content\/uploads\/2023\/11\/cap6-top-adenda2030-768x372.jpg 768w\" sizes=\"auto, (max-width: 1400px) 100vw, 1400px\" \/><\/a><\/figure><\/div>\n\n\n\n<div class=\"wp-block-column is-vertically-aligned-center is-layout-flow wp-block-column-is-layout-flow\" style=\"flex-basis:75%\"><h3 class=\"wp-block-post-title\"><a href=\"https:\/\/bosqueurbanovelez.org\/w\/buta-6-el-bosque-y-la-agenda-urbana-2030\/\" target=\"_self\" >BUTA (6) el bosque y la Agenda Urbana 2030<\/a><\/h3><\/div>\n<\/div>\n\n<\/li><li class=\"wp-block-post post-10 post type-post status-publish format-standard has-post-thumbnail hentry category-proyecto tag-proyecto-buta tag-sostenibilidad\">\n\n<div class=\"wp-block-columns are-vertically-aligned-center is-layout-flex wp-container-core-columns-is-layout-7 wp-block-columns-is-layout-flex\">\n<div class=\"wp-block-column is-vertically-aligned-center is-layout-flow wp-block-column-is-layout-flow\" style=\"flex-basis:25%\"><figure class=\"wp-block-post-featured-image\"><a href=\"https:\/\/bosqueurbanovelez.org\/w\/buta-7-unico-proyecto-sostenible\/\" target=\"_self\"  ><img loading=\"lazy\" decoding=\"async\" width=\"1400\" height=\"595\" src=\"https:\/\/bosqueurbanovelez.org\/w\/wp-content\/uploads\/2023\/11\/cap7-top-otros-usos.jpg\" class=\"attachment-post-thumbnail size-post-thumbnail wp-post-image\" alt=\"BUTA (7) \u00danico proyecto sostenible\" style=\"object-fit:cover;\" srcset=\"https:\/\/bosqueurbanovelez.org\/w\/wp-content\/uploads\/2023\/11\/cap7-top-otros-usos.jpg 1400w, https:\/\/bosqueurbanovelez.org\/w\/wp-content\/uploads\/2023\/11\/cap7-top-otros-usos-300x128.jpg 300w, https:\/\/bosqueurbanovelez.org\/w\/wp-content\/uploads\/2023\/11\/cap7-top-otros-usos-1024x435.jpg 1024w, https:\/\/bosqueurbanovelez.org\/w\/wp-content\/uploads\/2023\/11\/cap7-top-otros-usos-768x326.jpg 768w\" sizes=\"auto, (max-width: 1400px) 100vw, 1400px\" \/><\/a><\/figure><\/div>\n\n\n\n<div class=\"wp-block-column is-vertically-aligned-center is-layout-flow wp-block-column-is-layout-flow\" style=\"flex-basis:75%\"><h3 class=\"wp-block-post-title\"><a href=\"https:\/\/bosqueurbanovelez.org\/w\/buta-7-unico-proyecto-sostenible\/\" target=\"_self\" >BUTA (7) \u00danico proyecto sostenible<\/a><\/h3><\/div>\n<\/div>\n\n<\/li><\/ul><\/div>\n","protected":false},"excerpt":{"rendered":"<p>El reclamo de un bosque urbano en el Delta del R\u00edo V\u00e9lez Un bosque urbano mejora las calidad de vida de los habitantes de su entorno, con un impacto en salud f\u00edsica y mental que ya ha sido documentado cient\u00edficamente. En cuanto al medioambiente lo primero que viene a la mente son los beneficios por [&hellip;]<\/p>\n","protected":false},"author":1,"featured_media":131,"parent":0,"menu_order":0,"comment_status":"closed","ping_status":"closed","template":"","meta":{"footnotes":""},"class_list":["post-130","page","type-page","status-publish","has-post-thumbnail","hentry"],"_links":{"self":[{"href":"https:\/\/bosqueurbanovelez.org\/w\/wp-json\/wp\/v2\/pages\/130","targetHints":{"allow":["GET"]}}],"collection":[{"href":"https:\/\/bosqueurbanovelez.org\/w\/wp-json\/wp\/v2\/pages"}],"about":[{"href":"https:\/\/bosqueurbanovelez.org\/w\/wp-json\/wp\/v2\/types\/page"}],"author":[{"embeddable":true,"href":"https:\/\/bosqueurbanovelez.org\/w\/wp-json\/wp\/v2\/users\/1"}],"replies":[{"embeddable":true,"href":"https:\/\/bosqueurbanovelez.org\/w\/wp-json\/wp\/v2\/comments?post=130"}],"version-history":[{"count":5,"href":"https:\/\/bosqueurbanovelez.org\/w\/wp-json\/wp\/v2\/pages\/130\/revisions"}],"predecessor-version":[{"id":301,"href":"https:\/\/bosqueurbanovelez.org\/w\/wp-json\/wp\/v2\/pages\/130\/revisions\/301"}],"wp:featuredmedia":[{"embeddable":true,"href":"https:\/\/bosqueurbanovelez.org\/w\/wp-json\/wp\/v2\/media\/131"}],"wp:attachment":[{"href":"https:\/\/bosqueurbanovelez.org\/w\/wp-json\/wp\/v2\/media?parent=130"}],"curies":[{"name":"wp","href":"https:\/\/api.w.org\/{rel}","templated":true}]}}